{"id":490,"date":"2024-05-14T14:55:57","date_gmt":"2024-05-14T14:55:57","guid":{"rendered":"https:\/\/ecomadvise.cfolks.pl\/services\/service\/"},"modified":"2024-06-04T21:54:26","modified_gmt":"2024-06-04T21:54:26","slug":"service","status":"publish","type":"page","link":"https:\/\/www.wamel.com.pl\/en\/services\/service\/","title":{"rendered":"Service"},"content":{"rendered":"\t\t<div data-elementor-type=\"wp-page\" data-elementor-id=\"490\" class=\"elementor elementor-490 elementor-360\">\n\t\t\t\t<div class=\"elementor-element elementor-element-f8e5a1d e-flex e-con-boxed e-con e-parent\" data-id=\"f8e5a1d\" data-element_type=\"container\" data-settings=\"{&quot;background_background&quot;:&quot;classic&quot;}\">\n\t\t\t\t\t<div class=\"e-con-inner\">\n\t\t\t\t<div class=\"elementor-element elementor-element-6836ed0 elementor-widget elementor-widget-heading\" data-id=\"6836ed0\" data-element_type=\"widget\" data-widget_type=\"heading.default\">\n\t\t\t\t<div class=\"elementor-widget-container\">\n\t\t\t\t\t<h1 class=\"elementor-heading-title elementor-size-default\">Service<\/h1>\t\t\t\t<\/div>\n\t\t\t\t<\/div>\n\t\t\t\t\t<\/div>\n\t\t\t\t<\/div>\n\t\t<div class=\"elementor-element elementor-element-5dcb386 e-flex e-con-boxed e-con e-parent\" data-id=\"5dcb386\" data-element_type=\"container\">\n\t\t\t\t\t<div class=\"e-con-inner\">\n\t\t\t\t<div class=\"elementor-element elementor-element-b3db54f elementor-widget elementor-widget-text-editor\" data-id=\"b3db54f\" data-element_type=\"widget\" data-widget_type=\"text-editor.default\">\n\t\t\t\t<div class=\"elementor-widget-container\">\n\t\t\t\t\t\t\t\t\t<div class=\"row-container boomapps_vcrow\" data-parent=\"true\" data-section=\"1\">\n<div class=\"row quad-top-padding quad-bottom-padding single-h-padding limit-width row-parent\" data-imgready=\"true\">\n<div class=\"row-inner\">\n<div class=\"pos-top pos-center align_left column_parent col-lg-12 boomapps_vccolumn single-internal-gutter\">\n<div class=\"uncol style-light\">\n<div class=\"uncoltable\">\n<div class=\"uncell boomapps_vccolumn no-block-padding\">\n<div class=\"uncont\">\n<div class=\"uncode_text_column\">\n<p>WAMEL Electric Motors Ltd. for many years has been providing warranty and post-warranty service for motors of its own production and overhauls of commutator electric motors of other manufacturers. Our machinery and skilled workers guarantee the performance of services at the highest level.<\/p>\n<\/div>\n<\/div>\n<\/div>\n<\/div>\n<\/div>\n<\/div>\n<\/div>\n<\/div>\n<\/div>\n<div class=\"row-container boomapps_vcrow\" data-parent=\"true\" data-section=\"2\">\n<div class=\"row no-top-padding single-bottom-padding single-h-padding limit-width row-parent\" data-imgready=\"true\">\n<div class=\"row-inner\">\n<div class=\"pos-top pos-center align_center column_parent col-lg-12 boomapps_vccolumn double-internal-gutter\">\n<div class=\"uncol style-light font-134980\">\n<div class=\"uncoltable\">\n<div class=\"uncell boomapps_vccolumn no-block-padding\">\n<div class=\"uncont\">\n<div class=\"uncode_text_column\"> <\/div>\n<\/div>\n<\/div>\n<\/div>\n<\/div>\n<\/div>\n<\/div>\n<\/div>\n<\/div>\n\t\t\t\t\t\t\t\t<\/div>\n\t\t\t\t<\/div>\n\t\t\t\t<div class=\"elementor-element elementor-element-f911a37 elementor-widget elementor-widget-text-editor\" data-id=\"f911a37\" data-element_type=\"widget\" data-widget_type=\"text-editor.default\">\n\t\t\t\t<div class=\"elementor-widget-container\">\n\t\t\t\t\t\t\t\t\t<p><em>Acting on behalf of WAMEL Silniki Elektryczne Ltd. Warsaw, declare that the company is the only authorized seller of the engines in its offer. Any attempt to sell remanufactured or otherwise converted engines of our production on the primary and secondary markets will violate our rights as a manufacturer. WAMEL Electric Motors Ltd. assumes no responsibility for the marketing of such products by unauthorized third parties.<\/em><\/p>\n\t\t\t\t\t\t\t\t<\/div>\n\t\t\t\t<\/div>\n\t\t\t\t\t<\/div>\n\t\t\t\t<\/div>\n\t\t<div class=\"elementor-element elementor-element-8aff06e e-flex e-con-boxed e-con e-parent\" data-id=\"8aff06e\" data-element_type=\"container\">\n\t\t\t\t\t<div class=\"e-con-inner\">\n\t\t<div class=\"elementor-element elementor-element-4bc6508d e-con-full e-flex e-con e-child\" data-id=\"4bc6508d\" data-element_type=\"container\">\n\t\t\t\t<div class=\"elementor-element elementor-element-aedbce1 elementor-widget elementor-widget-heading\" data-id=\"aedbce1\" data-element_type=\"widget\" data-widget_type=\"heading.default\">\n\t\t\t\t<div class=\"elementor-widget-container\">\n\t\t\t\t\t<span class=\"elementor-heading-title elementor-size-default\">Cieszymy si\u0119 na wsp\u00f3\u0142prac\u0119 z Tob\u0105\n<\/span>\t\t\t\t<\/div>\n\t\t\t\t<\/div>\n\t\t\t\t<\/div>\n\t\t<div class=\"elementor-element elementor-element-20ede97c e-con-full e-flex e-con e-child\" data-id=\"20ede97c\" data-element_type=\"container\">\n\t\t\t\t<div class=\"elementor-element elementor-element-4e7a5057 elementor-align-center elementor-widget__width-inherit elementor-mobile-align-left elementor-widget elementor-widget-button\" data-id=\"4e7a5057\" data-element_type=\"widget\" data-widget_type=\"button.default\">\n\t\t\t\t<div class=\"elementor-widget-container\">\n\t\t\t\t\t\t\t\t\t<div class=\"elementor-button-wrapper\">\n\t\t\t\t\t<a class=\"elementor-button elementor-button-link elementor-size-sm\" href=\"https:\/\/ecomadvise.cfolks.pl\/kontakt\/\">\n\t\t\t\t\t\t<span class=\"elementor-button-content-wrapper\">\n\t\t\t\t\t\t\t\t\t<span class=\"elementor-button-text\">CONTACT US<\/span>\n\t\t\t\t\t<\/span>\n\t\t\t\t\t<\/a>\n\t\t\t\t<\/div>\n\t\t\t\t\t\t\t\t<\/div>\n\t\t\t\t<\/div>\n\t\t\t\t<\/div>\n\t\t\t\t\t<\/div>\n\t\t\t\t<\/div>\n\t\t\t\t<\/div>\n\t\t","protected":false},"excerpt":{"rendered":"<p>Service WAMEL Electric Motors Ltd. for many years has been providing warranty and post-warranty service for motors of its own [&hellip;]<\/p>\n","protected":false},"author":1,"featured_media":0,"parent":480,"menu_order":0,"comment_status":"closed","ping_status":"closed","template":"","meta":{"site-sidebar-layout":"no-sidebar","site-content-layout":"","ast-site-content-layout":"full-width-container","site-content-style":"default","site-sidebar-style":"default","ast-global-header-display":"","ast-banner-title-visibility":"","ast-main-header-display":"","ast-hfb-above-header-display":"","ast-hfb-below-header-display":"","ast-hfb-mobile-header-display":"","site-post-title":"disabled","ast-breadcrumbs-content":"","ast-featured-img":"disabled","footer-sml-layout":"","theme-transparent-header-meta":"","adv-header-id-meta":"","stick-header-meta":"","header-above-stick-meta":"","header-main-stick-meta":"","header-below-stick-meta":"","astra-migrate-meta-layouts":"default","ast-page-background-enabled":"default","ast-page-background-meta":{"desktop":{"background-color":"var(--ast-global-color-4)","background-image":"","background-repeat":"repeat","background-position":"center center","background-size":"auto","background-attachment":"scroll","background-type":"","background-media":"","overlay-type":"","overlay-color":"","overlay-opacity":"","overlay-gradient":""},"tablet":{"background-color":"","background-image":"","background-repeat":"repeat","background-position":"center center","background-size":"auto","background-attachment":"scroll","background-type":"","background-media":"","overlay-type":"","overlay-color":"","overlay-opacity":"","overlay-gradient":""},"mobile":{"background-color":"","background-image":"","background-repeat":"repeat","background-position":"center center","background-size":"auto","background-attachment":"scroll","background-type":"","background-media":"","overlay-type":"","overlay-color":"","overlay-opacity":"","overlay-gradient":""}},"ast-content-background-meta":{"desktop":{"background-color":"var(--ast-global-color-5)","background-image":"","background-repeat":"repeat","background-position":"center center","background-size":"auto","background-attachment":"scroll","background-type":"","background-media":"","overlay-type":"","overlay-color":"","overlay-opacity":"","overlay-gradient":""},"tablet":{"background-color":"var(--ast-global-color-5)","background-image":"","background-repeat":"repeat","background-position":"center center","background-size":"auto","background-attachment":"scroll","background-type":"","background-media":"","overlay-type":"","overlay-color":"","overlay-opacity":"","overlay-gradient":""},"mobile":{"background-color":"var(--ast-global-color-5)","background-image":"","background-repeat":"repeat","background-position":"center center","background-size":"auto","background-attachment":"scroll","background-type":"","background-media":"","overlay-type":"","overlay-color":"","overlay-opacity":"","overlay-gradient":""}},"footnotes":""},"class_list":["post-490","page","type-page","status-publish","hentry"],"yoast_head":"<!-- This site is optimized with the Yoast SEO plugin v25.7 - https:\/\/yoast.com\/wordpress\/plugins\/seo\/ -->\n<title>Professional repair and remanufacturing of electric motors.<\/title>\n<meta name=\"description\" content=\"DC electric motor repair, generator repair, motor service, motor reconditioning. Wamel Service.\" \/>\n<meta name=\"robots\" content=\"index, follow, max-snippet:-1, max-image-preview:large, max-video-preview:-1\" \/>\n<link rel=\"canonical\" href=\"https:\/\/www.wamel.com.pl\/en\/services\/service\/\" \/>\n<meta property=\"og:locale\" content=\"en_US\" \/>\n<meta property=\"og:type\" content=\"article\" \/>\n<meta property=\"og:title\" content=\"Professional repair and remanufacturing of electric motors.\" \/>\n<meta property=\"og:description\" content=\"DC electric motor repair, generator repair, motor service, motor reconditioning. Wamel Service.\" \/>\n<meta property=\"og:url\" content=\"https:\/\/www.wamel.com.pl\/en\/services\/service\/\" \/>\n<meta property=\"og:site_name\" content=\"Wamel\" \/>\n<meta property=\"article:modified_time\" content=\"2024-06-04T21:54:26+00:00\" \/>\n<meta name=\"twitter:card\" content=\"summary_large_image\" \/>\n<meta name=\"twitter:label1\" content=\"Est. reading time\" \/>\n\t<meta name=\"twitter:data1\" content=\"1 minute\" \/>\n<script type=\"application\/ld+json\" class=\"yoast-schema-graph\">{\"@context\":\"https:\/\/schema.org\",\"@graph\":[{\"@type\":\"WebPage\",\"@id\":\"https:\/\/www.wamel.com.pl\/en\/services\/service\/\",\"url\":\"https:\/\/www.wamel.com.pl\/en\/services\/service\/\",\"name\":\"Professional repair and remanufacturing of electric motors.\",\"isPartOf\":{\"@id\":\"https:\/\/www.wamel.com.pl\/en\/#website\"},\"datePublished\":\"2024-05-14T14:55:57+00:00\",\"dateModified\":\"2024-06-04T21:54:26+00:00\",\"description\":\"DC electric motor repair, generator repair, motor service, motor reconditioning. Wamel Service.\",\"breadcrumb\":{\"@id\":\"https:\/\/www.wamel.com.pl\/en\/services\/service\/#breadcrumb\"},\"inLanguage\":\"en-US\",\"potentialAction\":[{\"@type\":\"ReadAction\",\"target\":[\"https:\/\/www.wamel.com.pl\/en\/services\/service\/\"]}]},{\"@type\":\"BreadcrumbList\",\"@id\":\"https:\/\/www.wamel.com.pl\/en\/services\/service\/#breadcrumb\",\"itemListElement\":[{\"@type\":\"ListItem\",\"position\":1,\"name\":\"Strona g\u0142\u00f3wna\",\"item\":\"https:\/\/www.wamel.com.pl\/en\/\"},{\"@type\":\"ListItem\",\"position\":2,\"name\":\"Services\",\"item\":\"https:\/\/www.wamel.com.pl\/en\/services\/\"},{\"@type\":\"ListItem\",\"position\":3,\"name\":\"Service\"}]},{\"@type\":\"WebSite\",\"@id\":\"https:\/\/www.wamel.com.pl\/en\/#website\",\"url\":\"https:\/\/www.wamel.com.pl\/en\/\",\"name\":\"Wamel Silniki Elektryczne\",\"description\":\"Wamel\",\"publisher\":{\"@id\":\"https:\/\/www.wamel.com.pl\/en\/#organization\"},\"potentialAction\":[{\"@type\":\"SearchAction\",\"target\":{\"@type\":\"EntryPoint\",\"urlTemplate\":\"https:\/\/www.wamel.com.pl\/en\/?s={search_term_string}\"},\"query-input\":{\"@type\":\"PropertyValueSpecification\",\"valueRequired\":true,\"valueName\":\"search_term_string\"}}],\"inLanguage\":\"en-US\"},{\"@type\":\"Organization\",\"@id\":\"https:\/\/www.wamel.com.pl\/en\/#organization\",\"name\":\"WAMEL Silniki Elektryczne Sp. z o.o.\",\"url\":\"https:\/\/www.wamel.com.pl\/en\/\",\"logo\":{\"@type\":\"ImageObject\",\"inLanguage\":\"en-US\",\"@id\":\"https:\/\/www.wamel.com.pl\/en\/#\/schema\/logo\/image\/\",\"url\":\"https:\/\/ecomadvise.cfolks.pl\/wp-content\/uploads\/2024\/04\/wamel_logo.png\",\"contentUrl\":\"https:\/\/ecomadvise.cfolks.pl\/wp-content\/uploads\/2024\/04\/wamel_logo.png\",\"width\":177,\"height\":42,\"caption\":\"WAMEL Silniki Elektryczne Sp. z o.o.\"},\"image\":{\"@id\":\"https:\/\/www.wamel.com.pl\/en\/#\/schema\/logo\/image\/\"}}]}<\/script>\n<!-- \/ Yoast SEO plugin. -->","yoast_head_json":{"title":"Professional repair and remanufacturing of electric motors.","description":"DC electric motor repair, generator repair, motor service, motor reconditioning. Wamel Service.","robots":{"index":"index","follow":"follow","max-snippet":"max-snippet:-1","max-image-preview":"max-image-preview:large","max-video-preview":"max-video-preview:-1"},"canonical":"https:\/\/www.wamel.com.pl\/en\/services\/service\/","og_locale":"en_US","og_type":"article","og_title":"Professional repair and remanufacturing of electric motors.","og_description":"DC electric motor repair, generator repair, motor service, motor reconditioning. Wamel Service.","og_url":"https:\/\/www.wamel.com.pl\/en\/services\/service\/","og_site_name":"Wamel","article_modified_time":"2024-06-04T21:54:26+00:00","twitter_card":"summary_large_image","twitter_misc":{"Est. reading time":"1 minute"},"schema":{"@context":"https:\/\/schema.org","@graph":[{"@type":"WebPage","@id":"https:\/\/www.wamel.com.pl\/en\/services\/service\/","url":"https:\/\/www.wamel.com.pl\/en\/services\/service\/","name":"Professional repair and remanufacturing of electric motors.","isPartOf":{"@id":"https:\/\/www.wamel.com.pl\/en\/#website"},"datePublished":"2024-05-14T14:55:57+00:00","dateModified":"2024-06-04T21:54:26+00:00","description":"DC electric motor repair, generator repair, motor service, motor reconditioning. Wamel Service.","breadcrumb":{"@id":"https:\/\/www.wamel.com.pl\/en\/services\/service\/#breadcrumb"},"inLanguage":"en-US","potentialAction":[{"@type":"ReadAction","target":["https:\/\/www.wamel.com.pl\/en\/services\/service\/"]}]},{"@type":"BreadcrumbList","@id":"https:\/\/www.wamel.com.pl\/en\/services\/service\/#breadcrumb","itemListElement":[{"@type":"ListItem","position":1,"name":"Strona g\u0142\u00f3wna","item":"https:\/\/www.wamel.com.pl\/en\/"},{"@type":"ListItem","position":2,"name":"Services","item":"https:\/\/www.wamel.com.pl\/en\/services\/"},{"@type":"ListItem","position":3,"name":"Service"}]},{"@type":"WebSite","@id":"https:\/\/www.wamel.com.pl\/en\/#website","url":"https:\/\/www.wamel.com.pl\/en\/","name":"Wamel Silniki Elektryczne","description":"Wamel","publisher":{"@id":"https:\/\/www.wamel.com.pl\/en\/#organization"},"potentialAction":[{"@type":"SearchAction","target":{"@type":"EntryPoint","urlTemplate":"https:\/\/www.wamel.com.pl\/en\/?s={search_term_string}"},"query-input":{"@type":"PropertyValueSpecification","valueRequired":true,"valueName":"search_term_string"}}],"inLanguage":"en-US"},{"@type":"Organization","@id":"https:\/\/www.wamel.com.pl\/en\/#organization","name":"WAMEL Silniki Elektryczne Sp. z o.o.","url":"https:\/\/www.wamel.com.pl\/en\/","logo":{"@type":"ImageObject","inLanguage":"en-US","@id":"https:\/\/www.wamel.com.pl\/en\/#\/schema\/logo\/image\/","url":"https:\/\/ecomadvise.cfolks.pl\/wp-content\/uploads\/2024\/04\/wamel_logo.png","contentUrl":"https:\/\/ecomadvise.cfolks.pl\/wp-content\/uploads\/2024\/04\/wamel_logo.png","width":177,"height":42,"caption":"WAMEL Silniki Elektryczne Sp. z o.o."},"image":{"@id":"https:\/\/www.wamel.com.pl\/en\/#\/schema\/logo\/image\/"}}]}},"_links":{"self":[{"href":"https:\/\/www.wamel.com.pl\/en\/wp-json\/wp\/v2\/pages\/490","targetHints":{"allow":["GET"]}}],"collection":[{"href":"https:\/\/www.wamel.com.pl\/en\/wp-json\/wp\/v2\/pages"}],"about":[{"href":"https:\/\/www.wamel.com.pl\/en\/wp-json\/wp\/v2\/types\/page"}],"author":[{"embeddable":true,"href":"https:\/\/www.wamel.com.pl\/en\/wp-json\/wp\/v2\/users\/1"}],"replies":[{"embeddable":true,"href":"https:\/\/www.wamel.com.pl\/en\/wp-json\/wp\/v2\/comments?post=490"}],"version-history":[{"count":1,"href":"https:\/\/www.wamel.com.pl\/en\/wp-json\/wp\/v2\/pages\/490\/revisions"}],"predecessor-version":[{"id":491,"href":"https:\/\/www.wamel.com.pl\/en\/wp-json\/wp\/v2\/pages\/490\/revisions\/491"}],"up":[{"embeddable":true,"href":"https:\/\/www.wamel.com.pl\/en\/wp-json\/wp\/v2\/pages\/480"}],"wp:attachment":[{"href":"https:\/\/www.wamel.com.pl\/en\/wp-json\/wp\/v2\/media?parent=490"}],"curies":[{"name":"wp","href":"https:\/\/api.w.org\/{rel}","templated":true}]}}